{"id":11,"date":"2024-11-06T16:00:28","date_gmt":"2024-11-06T16:00:28","guid":{"rendered":"http:\/\/laboratoriodentalburgos.com\/?page_id=11"},"modified":"2024-11-08T22:09:25","modified_gmt":"2024-11-09T02:09:25","slug":"inicio","status":"publish","type":"page","link":"http:\/\/laboratoriodentalburgos.com\/","title":{"rendered":"Inicio"},"content":{"rendered":"\n<div class=\"wp-block-cover alignfull has-parallax is-light is-style-default\" style=\"min-height:70vh;aspect-ratio:unset;\"><span aria-hidden=\"true\" class=\"wp-block-cover__background has-accent-background-color has-background-dim-10 has-background-dim\"><\/span><div class=\"wp-block-cover__image-background wp-image-131 has-parallax\" style=\"background-position:50% 50%;background-image:url(http:\/\/laboratoriodentalburgos.com\/wp-content\/uploads\/2024\/11\/portada.jpeg)\"><\/div><div class=\"wp-block-cover__inner-container is-layout-flow wp-block-cover-is-layout-flow\">\n<div class=\"wp-block-columns alignwide tw-cols-card tw-cols-card-gray is-layout-flex wp-container-core-columns-is-layout-28f84493 wp-block-columns-is-layout-flex tw-block-animation tw-animation-fade-in-up\">\n<div class=\"wp-block-column is-vertically-aligned-center is-layout-flow wp-block-column-is-layout-flow\" style=\"--col-width:50%;flex-basis:50%\">\n<h3 class=\"wp-block-heading alignwide has-text-align-center\">Comprometidos en ofrecer  soluciones de alta calidad para la restauraci\u00f3n dental<\/h3>\n<\/div>\n\n\n\n<div class=\"wp-block-column is-vertically-aligned-center is-layout-flow wp-block-column-is-layout-flow\" style=\"--col-width:50%;flex-basis:50%\">\n<div class=\"wp-block-buttons is-content-justification-center is-layout-flex wp-container-core-buttons-is-layout-72caf8c6 wp-block-buttons-is-layout-flex\">\n<div class=\"wp-block-button\"><a class=\"wp-block-button__link has-accent-background-color has-background wp-element-button\" href=\"#nosotros\">Sobre nosotros<\/a><\/div>\n\n\n\n<div class=\"wp-block-button\"><a class=\"wp-block-button__link has-accent-background-color has-background wp-element-button\" href=\"#contacto\">Contactanos<\/a><\/div>\n<\/div>\n<\/div>\n<\/div>\n\n\n\n<div class=\"wp-block-columns is-layout-flex wp-container-core-columns-is-layout-28f84493 wp-block-columns-is-layout-flex\">\n<div class=\"wp-block-column is-layout-flow wp-block-column-is-layout-flow\" style=\"--col-width:100%;flex-basis:100%\"><\/div>\n<\/div>\n<\/div><\/div>\n\n\n\n<div class=\"wp-block-group alignfull has-background-background-color has-background tw-top-shape-organic\" id=\"nosotros\" style=\"padding-bottom:0px\"><div class=\"wp-block-group__inner-container is-layout-flow wp-block-group-is-layout-flow\">\n<h2 class=\"wp-block-heading has-text-align-center\">Sobre nosotros<\/h2>\n\n\n\n<div class=\"wp-block-columns alignwide tw-cols-card tw-cols-card-hard-shadow is-layout-flex wp-container-core-columns-is-layout-28f84493 wp-block-columns-is-layout-flex tw-block-animation tw-animation-fade-in-up\">\n<div class=\"wp-block-column is-vertically-aligned-center is-layout-flow wp-block-column-is-layout-flow\" style=\"--col-width:50%;flex-basis:50%\">\n<p class=\"has-text-align-left has-medium-font-size\">Laboratorio Dental Burgos ofrece servicios especializados en la fabricaci\u00f3n y dise\u00f1o de pr\u00f3tesis dentales de alta calidad. Contamos con m\u00e1s de 30 a\u00f1os de experiencia en la t\u00e9cnica CAD\/CAM y en la aplicaci\u00f3n de porcelana para crear pr\u00f3tesis personalizadas y de excelente anatom\u00eda. Nos comprometemos a brindar soluciones dentales est\u00e9ticas y funcionales para cl\u00ednicas y pacientes<\/p>\n<\/div>\n\n\n\n<div class=\"wp-block-column is-layout-flow wp-block-column-is-layout-flow\" style=\"--col-width:50%;flex-basis:50%\">\n<figure class=\"wp-block-image size-full\"><img loading=\"lazy\" decoding=\"async\" width=\"886\" height=\"665\" src=\"http:\/\/laboratoriodentalburgos.com\/wp-content\/uploads\/2024\/11\/Burgos-Plaza.png\" alt=\"\" class=\"wp-image-127\" srcset=\"http:\/\/laboratoriodentalburgos.com\/wp-content\/uploads\/2024\/11\/Burgos-Plaza.png 886w, http:\/\/laboratoriodentalburgos.com\/wp-content\/uploads\/2024\/11\/Burgos-Plaza-300x225.png 300w, http:\/\/laboratoriodentalburgos.com\/wp-content\/uploads\/2024\/11\/Burgos-Plaza-768x576.png 768w\" sizes=\"auto, (max-width: 886px) 100vw, 886px\" \/><\/figure>\n<\/div>\n<\/div>\n<\/div><\/div>\n\n\n\n<div class=\"wp-block-group alignfull tw-mt-5 has-background-background-color has-background tw-block-animation tw-animation-fade-in-up\" id=\"ubicacion\" style=\"padding-right:0;padding-left:0\"><div class=\"wp-block-group__inner-container is-layout-flow wp-block-group-is-layout-flow\">\n<h2 class=\"wp-block-heading has-text-align-center tw-mb-4\">Estamos Ubicados<\/h2>\n\n\n\n<p class=\"has-text-align-center\"><strong>C\/ INGENIERO GUZMAN ABREU NO.12 BURGOS PLAZA, &nbsp;SAN FRANCISCO DE MACORIS <\/strong><\/p>\n\n\n\n<div class=\"wp-block-columns alignwide is-layout-flex wp-container-core-columns-is-layout-28f84493 wp-block-columns-is-layout-flex\">\n<div class=\"wp-block-column is-layout-flow wp-block-column-is-layout-flow\" style=\"--col-width:100%;flex-basis:100%\">\n<iframe src=\"https:\/\/www.google.com\/maps\/embed?pb=!1m14!1m8!1m3!1d120498.05878984829!2d-70.256867!3d19.301303!3m2!1i1024!2i768!4f13.1!3m3!1m2!1s0x8eae2debfe55a5d7%3A0x19d60a7bdcbf41b4!2sCalle%20Ing.%20Guzm%C3%A1n%20Abreu%2C%2031000%20San%20Francisco%20de%20Macor%C3%ADs%2C%20Rep%C3%BAblica%20Dominicana!5e0!3m2!1ses!2sus!4v1730909157983!5m2!1ses!2sus\" width=\"600\" height=\"450\" style=\"border:0;\" allowfullscreen=\"\" loading=\"lazy\" referrerpolicy=\"no-referrer-when-downgrade\"><\/iframe>\n<\/div>\n<\/div>\n<\/div><\/div>\n\n\n\n<div class=\"wp-block-group alignfull has-subtle-background-background-color has-background\" id=\"contacto\"><div class=\"wp-block-group__inner-container is-layout-constrained wp-block-group-is-layout-constrained\">\n<h2 class=\"wp-block-heading has-text-align-center\">Para contacto<\/h2>\n\n\n\n<p class=\"has-text-align-center\">Cont\u00e1ctanos directamente al <strong>809-588-1522<\/strong> o env\u00edanos un mensaje por WhatsApp haciendo clic en el bot\u00f3n a continuaci\u00f3n:<br><\/p>\n\n\n\n<div class=\"wp-block-buttons is-content-justification-center is-layout-flex wp-container-core-buttons-is-layout-a89b3969 wp-block-buttons-is-layout-flex\">\n<div class=\"wp-block-button\"><a class=\"wp-block-button__link has-background has-text-align-center wp-element-button\" href=\"https:\/\/wa.link\/limqex\" style=\"background-color:#25d366\">Whatsapp<\/a><\/div>\n<\/div>\n\n\n\n<p class=\"has-text-align-center\">Tambi\u00e9n puedes ponerte en contacto con nosotros completando el siguiente formulario:<br><\/p>\n\n\n\n<div class=\"wp-block-columns tw-cols-card tw-cols-card-white is-layout-flex wp-container-core-columns-is-layout-28f84493 wp-block-columns-is-layout-flex\">\n<div class=\"wp-block-column is-layout-flow wp-block-column-is-layout-flow\" style=\"--col-width:100%;flex-basis:100%\">\n<div class=\"wp-block-contact-form-7-contact-form-selector\">\n<div class=\"wpcf7 no-js\" id=\"wpcf7-f64-o1\" lang=\"es-ES\" dir=\"ltr\" data-wpcf7-id=\"64\">\n<div class=\"screen-reader-response\"><p role=\"status\" aria-live=\"polite\" aria-atomic=\"true\"><\/p> <ul><\/ul><\/div>\n<form action=\"\/index.php?rest_route=%2Fwp%2Fv2%2Fpages%2F11#wpcf7-f64-o1\" method=\"post\" class=\"wpcf7-form init\" aria-label=\"Formulario de contacto\" novalidate=\"novalidate\" data-status=\"init\">\n<div style=\"display: none;\">\n<input type=\"hidden\" name=\"_wpcf7\" value=\"64\" \/>\n<input type=\"hidden\" name=\"_wpcf7_version\" value=\"6.0\" \/>\n<input type=\"hidden\" name=\"_wpcf7_locale\" value=\"es_ES\" \/>\n<input type=\"hidden\" name=\"_wpcf7_unit_tag\" value=\"wpcf7-f64-o1\" \/>\n<input type=\"hidden\" name=\"_wpcf7_container_post\" value=\"0\" \/>\n<input type=\"hidden\" name=\"_wpcf7_posted_data_hash\" value=\"\" \/>\n<input type=\"hidden\" name=\"_wpcf7_recaptcha_response\" value=\"\" \/>\n<\/div>\n<p><label> Tu nombre<br \/>\n<span class=\"wpcf7-form-control-wrap\" data-name=\"your-name\"><input size=\"40\" maxlength=\"400\" class=\"wpcf7-form-control wpcf7-text wpcf7-validates-as-required\" autocomplete=\"name\" aria-required=\"true\" aria-invalid=\"false\" value=\"\" type=\"text\" name=\"your-name\" \/><\/span> <\/label>\n<\/p>\n<p><label> Tu correo electr\u00f3nico<br \/>\n<span class=\"wpcf7-form-control-wrap\" data-name=\"your-email\"><input size=\"40\" maxlength=\"400\" class=\"wpcf7-form-control wpcf7-email wpcf7-validates-as-required wpcf7-text wpcf7-validates-as-email\" autocomplete=\"email\" aria-required=\"true\" aria-invalid=\"false\" value=\"\" type=\"email\" name=\"your-email\" \/><\/span> <\/label>\n<\/p>\n<p><label> Asunto<br \/>\n<span class=\"wpcf7-form-control-wrap\" data-name=\"your-subject\"><input size=\"40\" maxlength=\"400\" class=\"wpcf7-form-control wpcf7-text wpcf7-validates-as-required\" aria-required=\"true\" aria-invalid=\"false\" value=\"\" type=\"text\" name=\"your-subject\" \/><\/span> <\/label>\n<\/p>\n<p><label> Tu mensaje (opcional)<br \/>\n<span class=\"wpcf7-form-control-wrap\" data-name=\"your-message\"><textarea cols=\"40\" rows=\"10\" maxlength=\"2000\" class=\"wpcf7-form-control wpcf7-textarea\" aria-invalid=\"false\" name=\"your-message\"><\/textarea><\/span> <\/label>\n<\/p>\n<p><input class=\"wpcf7-form-control wpcf7-submit has-spinner\" type=\"submit\" value=\"Enviar\" \/>\n<\/p><div class=\"wpcf7-response-output\" aria-hidden=\"true\"><\/div>\n<\/form>\n<\/div>\n<\/div>\n<\/div>\n<\/div>\n\n\n\n<p><\/p>\n<\/div><\/div>\n","protected":false},"excerpt":{"rendered":"<p>Sobre nosotros Laboratorio Dental Burgos ofrece servicios especializados en la fabricaci\u00f3n y dise\u00f1o de pr\u00f3tesis dentales de alta calidad. Contamos con m\u00e1s de 30 a\u00f1os de experiencia en la t\u00e9cnica CAD\/CAM y en la aplicaci\u00f3n de porcelana para crear pr\u00f3tesis personalizadas y de excelente anatom\u00eda. Nos comprometemos a brindar soluciones dentales est\u00e9ticas y funcionales para&hellip;<\/p>\n","protected":false},"author":1,"featured_media":0,"parent":0,"menu_order":0,"comment_status":"closed","ping_status":"closed","template":"tw-no-title.php","meta":{"footnotes":""},"class_list":["post-11","page","type-page","status-publish","hentry"],"yoast_head":"<!-- This site is optimized with the Yoast SEO plugin v23.8 - https:\/\/yoast.com\/wordpress\/plugins\/seo\/ -->\n<title>Inicio - Laboratorio Dental Burgos<\/title>\n<meta name=\"description\" content=\"Laboratorio Dental Burgos ofrece servicios especializados en la fabricaci\u00f3n y dise\u00f1o de pr\u00f3tesis dentales de alta calidad.\" \/>\n<meta name=\"robots\" content=\"index, follow, max-snippet:-1, max-image-preview:large, max-video-preview:-1\" \/>\n<link rel=\"canonical\" href=\"http:\/\/laboratoriodentalburgos.com\/\" \/>\n<meta property=\"og:locale\" content=\"es_ES\" \/>\n<meta property=\"og:type\" content=\"article\" \/>\n<meta property=\"og:title\" content=\"Inicio - Laboratorio Dental Burgos\" \/>\n<meta property=\"og:description\" content=\"Laboratorio Dental Burgos ofrece servicios especializados en la fabricaci\u00f3n y dise\u00f1o de pr\u00f3tesis dentales de alta calidad.\" \/>\n<meta property=\"og:url\" content=\"http:\/\/laboratoriodentalburgos.com\/\" \/>\n<meta property=\"og:site_name\" content=\"Laboratorio Dental Burgos\" \/>\n<meta property=\"article:modified_time\" content=\"2024-11-09T02:09:25+00:00\" \/>\n<meta property=\"og:image\" content=\"http:\/\/laboratoriodentalburgos.com\/wp-content\/uploads\/2024\/11\/Burgos-Plaza.png\" \/>\n<meta name=\"twitter:card\" content=\"summary_large_image\" \/>\n<meta name=\"twitter:label1\" content=\"Tiempo de lectura\" \/>\n\t<meta name=\"twitter:data1\" content=\"1 minuto\" \/>\n<script type=\"application\/ld+json\" class=\"yoast-schema-graph\">{\"@context\":\"https:\/\/schema.org\",\"@graph\":[{\"@type\":\"WebPage\",\"@id\":\"http:\/\/laboratoriodentalburgos.com\/\",\"url\":\"http:\/\/laboratoriodentalburgos.com\/\",\"name\":\"Inicio - Laboratorio Dental Burgos\",\"isPartOf\":{\"@id\":\"http:\/\/laboratoriodentalburgos.com\/#website\"},\"primaryImageOfPage\":{\"@id\":\"http:\/\/laboratoriodentalburgos.com\/#primaryimage\"},\"image\":{\"@id\":\"http:\/\/laboratoriodentalburgos.com\/#primaryimage\"},\"thumbnailUrl\":\"http:\/\/laboratoriodentalburgos.com\/wp-content\/uploads\/2024\/11\/Burgos-Plaza.png\",\"datePublished\":\"2024-11-06T16:00:28+00:00\",\"dateModified\":\"2024-11-09T02:09:25+00:00\",\"description\":\"Laboratorio Dental Burgos ofrece servicios especializados en la fabricaci\u00f3n y dise\u00f1o de pr\u00f3tesis dentales de alta calidad.\",\"breadcrumb\":{\"@id\":\"http:\/\/laboratoriodentalburgos.com\/#breadcrumb\"},\"inLanguage\":\"es\",\"potentialAction\":[{\"@type\":\"ReadAction\",\"target\":[\"http:\/\/laboratoriodentalburgos.com\/\"]}]},{\"@type\":\"ImageObject\",\"inLanguage\":\"es\",\"@id\":\"http:\/\/laboratoriodentalburgos.com\/#primaryimage\",\"url\":\"http:\/\/laboratoriodentalburgos.com\/wp-content\/uploads\/2024\/11\/Burgos-Plaza.png\",\"contentUrl\":\"http:\/\/laboratoriodentalburgos.com\/wp-content\/uploads\/2024\/11\/Burgos-Plaza.png\",\"width\":886,\"height\":665},{\"@type\":\"BreadcrumbList\",\"@id\":\"http:\/\/laboratoriodentalburgos.com\/#breadcrumb\",\"itemListElement\":[{\"@type\":\"ListItem\",\"position\":1,\"name\":\"Portada\",\"item\":\"http:\/\/laboratoriodentalburgos.com\/\"},{\"@type\":\"ListItem\",\"position\":2,\"name\":\"Inicio\"}]},{\"@type\":\"WebSite\",\"@id\":\"http:\/\/laboratoriodentalburgos.com\/#website\",\"url\":\"http:\/\/laboratoriodentalburgos.com\/\",\"name\":\"Laboratorio Dental Burgos\",\"description\":\"Salud Bucal Primero\",\"publisher\":{\"@id\":\"http:\/\/laboratoriodentalburgos.com\/#organization\"},\"potentialAction\":[{\"@type\":\"SearchAction\",\"target\":{\"@type\":\"EntryPoint\",\"urlTemplate\":\"http:\/\/laboratoriodentalburgos.com\/?s={search_term_string}\"},\"query-input\":{\"@type\":\"PropertyValueSpecification\",\"valueRequired\":true,\"valueName\":\"search_term_string\"}}],\"inLanguage\":\"es\"},{\"@type\":\"Organization\",\"@id\":\"http:\/\/laboratoriodentalburgos.com\/#organization\",\"name\":\"Laboratorio Dental Burgos\",\"url\":\"http:\/\/laboratoriodentalburgos.com\/\",\"logo\":{\"@type\":\"ImageObject\",\"inLanguage\":\"es\",\"@id\":\"http:\/\/laboratoriodentalburgos.com\/#\/schema\/logo\/image\/\",\"url\":\"http:\/\/laboratoriodentalburgos.com\/wp-content\/uploads\/2024\/11\/Logo-Burgos-Dental-2.jpg\",\"contentUrl\":\"http:\/\/laboratoriodentalburgos.com\/wp-content\/uploads\/2024\/11\/Logo-Burgos-Dental-2.jpg\",\"width\":892,\"height\":534,\"caption\":\"Laboratorio Dental Burgos\"},\"image\":{\"@id\":\"http:\/\/laboratoriodentalburgos.com\/#\/schema\/logo\/image\/\"},\"sameAs\":[\"https:\/\/instagram.com\/burgos_dental\"]}]}<\/script>\n<!-- \/ Yoast SEO plugin. -->","yoast_head_json":{"title":"Inicio - Laboratorio Dental Burgos","description":"Laboratorio Dental Burgos ofrece servicios especializados en la fabricaci\u00f3n y dise\u00f1o de pr\u00f3tesis dentales de alta calidad.","robots":{"index":"index","follow":"follow","max-snippet":"max-snippet:-1","max-image-preview":"max-image-preview:large","max-video-preview":"max-video-preview:-1"},"canonical":"http:\/\/laboratoriodentalburgos.com\/","og_locale":"es_ES","og_type":"article","og_title":"Inicio - Laboratorio Dental Burgos","og_description":"Laboratorio Dental Burgos ofrece servicios especializados en la fabricaci\u00f3n y dise\u00f1o de pr\u00f3tesis dentales de alta calidad.","og_url":"http:\/\/laboratoriodentalburgos.com\/","og_site_name":"Laboratorio Dental Burgos","article_modified_time":"2024-11-09T02:09:25+00:00","og_image":[{"url":"http:\/\/laboratoriodentalburgos.com\/wp-content\/uploads\/2024\/11\/Burgos-Plaza.png"}],"twitter_card":"summary_large_image","twitter_misc":{"Tiempo de lectura":"1 minuto"},"schema":{"@context":"https:\/\/schema.org","@graph":[{"@type":"WebPage","@id":"http:\/\/laboratoriodentalburgos.com\/","url":"http:\/\/laboratoriodentalburgos.com\/","name":"Inicio - Laboratorio Dental Burgos","isPartOf":{"@id":"http:\/\/laboratoriodentalburgos.com\/#website"},"primaryImageOfPage":{"@id":"http:\/\/laboratoriodentalburgos.com\/#primaryimage"},"image":{"@id":"http:\/\/laboratoriodentalburgos.com\/#primaryimage"},"thumbnailUrl":"http:\/\/laboratoriodentalburgos.com\/wp-content\/uploads\/2024\/11\/Burgos-Plaza.png","datePublished":"2024-11-06T16:00:28+00:00","dateModified":"2024-11-09T02:09:25+00:00","description":"Laboratorio Dental Burgos ofrece servicios especializados en la fabricaci\u00f3n y dise\u00f1o de pr\u00f3tesis dentales de alta calidad.","breadcrumb":{"@id":"http:\/\/laboratoriodentalburgos.com\/#breadcrumb"},"inLanguage":"es","potentialAction":[{"@type":"ReadAction","target":["http:\/\/laboratoriodentalburgos.com\/"]}]},{"@type":"ImageObject","inLanguage":"es","@id":"http:\/\/laboratoriodentalburgos.com\/#primaryimage","url":"http:\/\/laboratoriodentalburgos.com\/wp-content\/uploads\/2024\/11\/Burgos-Plaza.png","contentUrl":"http:\/\/laboratoriodentalburgos.com\/wp-content\/uploads\/2024\/11\/Burgos-Plaza.png","width":886,"height":665},{"@type":"BreadcrumbList","@id":"http:\/\/laboratoriodentalburgos.com\/#breadcrumb","itemListElement":[{"@type":"ListItem","position":1,"name":"Portada","item":"http:\/\/laboratoriodentalburgos.com\/"},{"@type":"ListItem","position":2,"name":"Inicio"}]},{"@type":"WebSite","@id":"http:\/\/laboratoriodentalburgos.com\/#website","url":"http:\/\/laboratoriodentalburgos.com\/","name":"Laboratorio Dental Burgos","description":"Salud Bucal Primero","publisher":{"@id":"http:\/\/laboratoriodentalburgos.com\/#organization"},"potentialAction":[{"@type":"SearchAction","target":{"@type":"EntryPoint","urlTemplate":"http:\/\/laboratoriodentalburgos.com\/?s={search_term_string}"},"query-input":{"@type":"PropertyValueSpecification","valueRequired":true,"valueName":"search_term_string"}}],"inLanguage":"es"},{"@type":"Organization","@id":"http:\/\/laboratoriodentalburgos.com\/#organization","name":"Laboratorio Dental Burgos","url":"http:\/\/laboratoriodentalburgos.com\/","logo":{"@type":"ImageObject","inLanguage":"es","@id":"http:\/\/laboratoriodentalburgos.com\/#\/schema\/logo\/image\/","url":"http:\/\/laboratoriodentalburgos.com\/wp-content\/uploads\/2024\/11\/Logo-Burgos-Dental-2.jpg","contentUrl":"http:\/\/laboratoriodentalburgos.com\/wp-content\/uploads\/2024\/11\/Logo-Burgos-Dental-2.jpg","width":892,"height":534,"caption":"Laboratorio Dental Burgos"},"image":{"@id":"http:\/\/laboratoriodentalburgos.com\/#\/schema\/logo\/image\/"},"sameAs":["https:\/\/instagram.com\/burgos_dental"]}]}},"_links":{"self":[{"href":"http:\/\/laboratoriodentalburgos.com\/index.php?rest_route=\/wp\/v2\/pages\/11","targetHints":{"allow":["GET"]}}],"collection":[{"href":"http:\/\/laboratoriodentalburgos.com\/index.php?rest_route=\/wp\/v2\/pages"}],"about":[{"href":"http:\/\/laboratoriodentalburgos.com\/index.php?rest_route=\/wp\/v2\/types\/page"}],"author":[{"embeddable":true,"href":"http:\/\/laboratoriodentalburgos.com\/index.php?rest_route=\/wp\/v2\/users\/1"}],"replies":[{"embeddable":true,"href":"http:\/\/laboratoriodentalburgos.com\/index.php?rest_route=%2Fwp%2Fv2%2Fcomments&post=11"}],"version-history":[{"count":64,"href":"http:\/\/laboratoriodentalburgos.com\/index.php?rest_route=\/wp\/v2\/pages\/11\/revisions"}],"predecessor-version":[{"id":149,"href":"http:\/\/laboratoriodentalburgos.com\/index.php?rest_route=\/wp\/v2\/pages\/11\/revisions\/149"}],"wp:attachment":[{"href":"http:\/\/laboratoriodentalburgos.com\/index.php?rest_route=%2Fwp%2Fv2%2Fmedia&parent=11"}],"curies":[{"name":"wp","href":"https:\/\/api.w.org\/{rel}","templated":true}]}}